{"id":309,"date":"2017-07-31T07:12:10","date_gmt":"2017-07-31T07:12:10","guid":{"rendered":"https:\/\/pekrul.pl\/pawel_onepage\/?page_id=309"},"modified":"2022-07-14T08:17:45","modified_gmt":"2022-07-14T08:17:45","slug":"home-1","status":"publish","type":"page","link":"https:\/\/pekrul.pl\/pawel_onepage\/","title":{"rendered":"Home 1"},"content":{"rendered":"<p>[vc_row][vc_column][rev_slider_vc alias=&#8221;slider-1&#8243; el_class=&#8221;mg-bottom-0&#8243;][\/vc_column][\/vc_row][vc_row bg_overlay_mode=&#8221;color&#8221; bg_overlay_color=&#8221;rgba(252,252,252,0.95)&#8221; css=&#8221;.vc_custom_1657102081918{background-image: url(http:\/\/pekrul.pl\/pawel_onepage\/wp-content\/uploads\/2022\/06\/solar-panels-2022-06-22-06-07-38-utc.jpg?id=2131) !important;background-position: center !important;background-repeat: no-repeat !important;background-size: cover !important;}&#8221; el_id=&#8221;onas&#8221;][vc_column][gsf_space desktop=&#8221;100&#8243; tablet=&#8221;80&#8243; tablet_portrait=&#8221;70&#8243; mobile_landscape=&#8221;60&#8243; mobile=&#8221;60&#8243;][\/vc_column][vc_column width=&#8221;1\/3&#8243; offset=&#8221;vc_col-md-offset-1&#8243;][vc_column_text]<\/p>\n<h1 class=\"gsf-accent-text fs-60 mg-top-0 mg-bottom-0\" style=\"line-height: 1;\">5<\/h1>\n<h5 class=\"gsf-accent-text fs-16 fw-normal mg-top-0 mg-bottom-0\">lat do\u015bwiadczenia<\/h5>\n<p class=\"primary-font fs-40\" style=\"line-height: 1.125; margin-top: 13px; letter-spacing: 0.02em;\">O nas<\/p>\n<p>[\/vc_column_text][\/vc_column][vc_column width=&#8221;7\/12&#8243; offset=&#8221;vc_col-md-6&#8243;][vc_column_text el_class=&#8221;&#8221; css=&#8221;.vc_custom_1657786074864{margin-bottom: 45px !important;}&#8221;]Zajmujemy si\u0119 myciem paneli fotowoltaicznych i elewacji wod\u0105 zdemineralizowan\u0105 i zdejonizowan\u0105 oraz \u015bwiadczymy us\u0142ugi podno\u015bnikiem koszowym.<br \/>\nMaksymalna wysoko\u015b\u0107 podnoszenia wynosi 22 metry, wysi\u0119g boczny 18 metr\u00f3w, ud\u017awig 200kg.<\/p>\n<p>Zapraszamy do kontaktu w celu uzyskania bardziej szczeg\u00f3\u0142owych informacji. Wszystkie ceny us\u0142ug s\u0105 indywidualnie wyceniane<br \/>\nWystawiamy faktury VAT.[\/vc_column_text][\/vc_column][vc_column][gsf_space desktop=&#8221;71&#8243; tablet=&#8221;50&#8243; tablet_portrait=&#8221;40&#8243; mobile_landscape=&#8221;30&#8243; mobile=&#8221;30&#8243;][\/vc_column][vc_column][vc_row_inner][vc_column_inner width=&#8221;1\/2&#8243; offset=&#8221;vc_col-md-3&#8243;][gsf_counter icon_font=&#8221;flaticon-broker&#8221; start=&#8221;100&#8243; end=&#8221;100&#8243; decimals=&#8221;&#8221; separator=&#8221;&#8221; decimal=&#8221;&#8221; suffix=&#8221;h&#8221; title=&#8221;Specjalistycznych szkole\u0144&#8221;][\/vc_column_inner][vc_column_inner el_class=&#8221;xs-mg-top-20&#8243; width=&#8221;1\/2&#8243; offset=&#8221;vc_col-md-3&#8243;][gsf_counter icon_font=&#8221;flaticon-house-10&#8243; end=&#8221;100&#8243; separator=&#8221;&#8221; decimal=&#8221;&#8221; title=&#8221;Zadowolonych klient\u00f3w&#8221;][\/vc_column_inner][vc_column_inner el_class=&#8221;xs-mg-top-20,sm-mg-top-30&#8243; width=&#8221;1\/2&#8243; offset=&#8221;vc_col-md-3&#8243;][gsf_counter icon_font=&#8221;flaticon-loader-truck-1&#8243; start=&#8221;10&#8243; end=&#8221;10&#8243; separator=&#8221;&#8221; decimal=&#8221;&#8221; suffix=&#8221;+&#8221; title=&#8221;Profesjonalnych maszyn&#8221;][\/vc_column_inner][vc_column_inner el_class=&#8221;xs-mg-top-20,sm-mg-top-30&#8243; width=&#8221;1\/2&#8243; offset=&#8221;vc_col-md-3&#8243;][gsf_counter icon_font=&#8221;flaticon-tools-and-utensils&#8221; end=&#8221;100&#8243; separator=&#8221;&#8221; decimal=&#8221;&#8221; suffix=&#8221;%&#8221; title=&#8221;Skuteczno\u015bci&#8221;][\/vc_column_inner][\/vc_row_inner][\/vc_column][vc_column][gsf_space desktop=&#8221;100&#8243; tablet=&#8221;80&#8243; tablet_portrait=&#8221;70&#8243; mobile_landscape=&#8221;60&#8243; mobile=&#8221;60&#8243;][\/vc_column][\/vc_row][vc_row el_id=&#8221;oferta&#8221;][vc_column][gsf_space desktop=&#8221;100&#8243; tablet=&#8221;80&#8243; tablet_portrait=&#8221;70&#8243; mobile_landscape=&#8221;60&#8243; mobile=&#8221;60&#8243;][\/vc_column][vc_column css=&#8221;.vc_custom_1501814696756{margin-bottom: 40px !important;}&#8221;][gsf_heading sub_title=&#8221;Oferta&#8221; local_subtitle=&#8221;subtitle-bottom&#8221; text_align=&#8221;text-center&#8221;]<span style=\"text-transform: uppercase;\"><b>sprawd\u017a nasz\u0105 ofert\u0119<\/b><\/span>[\/gsf_heading][\/vc_column][vc_column][gsf_slider_container nav=&#8221;&#8221; autoplay=&#8221;on&#8221; columns=&#8221;3&#8243; columns_md=&#8221;3&#8243; columns_sm=&#8221;2&#8243; columns_xs=&#8221;1&#8243; columns_mb=&#8221;1&#8243;][gsf_feature_box image=&#8221;2138&#8243; text_align=&#8221;text-left&#8221; link=&#8221;url:%23kontakt|title:Napisz%20do%20nas!&#8221; feature_images=&#8221;108&#8243; title=&#8221;Us\u0142ugi Podno\u015bnikiem&#8221;]\u015awiadczymy us\u0142ugi podno\u015bnikiem koszowym na terenie Lipna i okolic.<br \/>\nMaksymalna wysoko\u015b\u0107 podnoszenia wynosi 22 metry, wysi\u0119g boczny 18 metr\u00f3w, ud\u017awig 200kg.[\/gsf_feature_box][gsf_feature_box image=&#8221;2136&#8243; text_align=&#8221;text-left&#8221; link=&#8221;url:%23kontakt|title:Napisz%20do%20nas!&#8221; feature_images=&#8221;127&#8243; title=&#8221;Us\u0142ugi: zwy\u017cka, podno\u015bnik, wynajem sprz\u0119tu&#8221;]<\/p>\n<p>Wykonujemy mi\u0119dzy innymi mycie dach\u00f3w i elewacji, wycink\u0119 drzew, malowanie elewacji i dach\u00f3w, monta\u017c i konserwacje konstrukcji stalowych i wiele innych.<\/p>\n<p>[\/gsf_feature_box][gsf_feature_box image=&#8221;2137&#8243; text_align=&#8221;text-left&#8221; link=&#8221;url:%23kontakt|title:Napisz%20do%20nas!&#8221; feature_images=&#8221;417&#8243; title=&#8221;Mycie &amp; Czyszczenie&#8221;]Zajmujemy si\u0119 myciem paneli fotowoltaicznych wod\u0105 zdemineralizowan\u0105 i zdejonizowan\u0105.<\/p>\n<p>Woda demineralizowana (idealnie czysta), czyli woda pozbawiona minera\u0142\u00f3w. Nie pozostawia kamienia. Przed\u0142u\u017ca \u017cywotno\u015b\u0107 i trwa\u0142o\u015b\u0107 urz\u0105dze\u0144.[\/gsf_feature_box][\/gsf_slider_container][gsf_space desktop=&#8221;92&#8243; tablet=&#8221;70&#8243; tablet_portrait=&#8221;60&#8243; mobile_landscape=&#8221;50&#8243; mobile=&#8221;50&#8243;][\/vc_column][\/vc_row][vc_row color_skin=&#8221;skin-dark&#8221; parallax=&#8221;content-moving&#8221; bg_overlay_mode=&#8221;color&#8221; bg_overlay_color=&#8221;rgba(0,0,0,0.8)&#8221; css=&#8221;.vc_custom_1504144275494{background-image: url(http:\/\/pekrul.pl\/pawel_onepage\/wp-content\/uploads\/2017\/08\/bg-iconbox-1.jpg?id=326) !important;background-position: center;background-repeat: no-repeat !important;background-size: cover !important;}&#8221;][vc_column][gsf_space desktop=&#8221;90&#8243; tablet=&#8221;70&#8243; tablet_portrait=&#8221;60&#8243; mobile_landscape=&#8221;60&#8243; mobile=&#8221;60&#8243;][gsf_heading sub_title=&#8221;szeroki zakres us\u0142ug&#8221; local_subtitle=&#8221;subtitle-bottom&#8221; text_align=&#8221;text-center&#8221; title=&#8221;Certificates of RubyBuild&#8221;]<span style=\"text-transform: uppercase;\"><b>Jak pracujemy?<\/b><\/span>[\/gsf_heading][gsf_slider_container nav=&#8221;&#8221; columns=&#8221;3&#8243; columns_md=&#8221;3&#8243; columns_sm=&#8221;2&#8243; columns_xs=&#8221;1&#8243; columns_mb=&#8221;1&#8243; css=&#8221;.vc_custom_1656501549374{margin-top: 50px !important;}&#8221;][gsf_icon_box icon_font=&#8221;flaticon-transport&#8221; title=&#8221;Podno\u015bnik koszowy&#8221; description=&#8221; do prac zwi\u0105zanych m.in. z: monta\u017cem i konserwacj\u0105 hal oraz konstrukcji stalowych i aluminiowych, pracami blacharsko-dekarskimi i wieloma innymi. &#8221; box_shadow_hover=&#8221;true&#8221; link=&#8221;url:%23|||&#8221; el_class=&#8221;&#8221;][gsf_icon_box icon_font=&#8221;flaticon-security&#8221; title=&#8221;Prace og\u00f3lnobudowalne&#8221; description=&#8221;monta\u017c siatek reklamowych, monta\u017c i konserwacja konstrukcji stalowych, malowanie obr\u00f3bki dachowej i balkonowej, monta\u017c bilbord\u00f3w, usuwanie szk\u00f3d po wichurze, usuwanie sopli i wiele innych&#8221; box_shadow_hover=&#8221;true&#8221; link=&#8221;url:%23|||&#8221; el_class=&#8221;&#8221;][gsf_icon_box icon_font=&#8221;flaticon-house&#8221; title=&#8221;Mycie i czyszczenie&#8221; description=&#8221;Oferujemy r\u00f3wnie\u017c us\u0142ug\u0119 mycia paneli fotowoltanicznych oraz us\u0142ug\u0119 czyszczenia elewacji hal i magazyn\u00f3w z p\u0142yty warstwowej lub blachy. W tym wypadku r\u00f3wnie\u017c istnieje mo\u017cliwo\u015b\u0107 wykonania tych dzia\u0142a\u0144 bezpo\u015brednio z podno\u015bnika co znacznie zwi\u0119ksza dok\u0142adno\u015b\u0107 czyszczenia&#8221; box_shadow_hover=&#8221;true&#8221; link=&#8221;url:%23|||&#8221; el_class=&#8221;&#8221;][\/gsf_slider_container][gsf_space desktop=&#8221;80&#8243; tablet=&#8221;70&#8243; tablet_portrait=&#8221;60&#8243; mobile_landscape=&#8221;50&#8243; mobile=&#8221;50&#8243;][\/vc_column][\/vc_row][vc_row color_skin=&#8221;skin-dark&#8221; content_width=&#8221;full&#8221; css=&#8221;.vc_custom_1657103595468{background-color: #5e0000 !important;}&#8221; el_id=&#8221;realizacje&#8221;][vc_column width=&#8221;1\/6&#8243;][\/vc_column][vc_column el_class=&#8221;portfolio-column-wrap&#8221; width=&#8221;2\/3&#8243;][gsf_space desktop=&#8221;75&#8243; tablet=&#8221;80&#8243; tablet_portrait=&#8221;70&#8243; mobile_landscape=&#8221;60&#8243; mobile=&#8221;60&#8243;][vc_column_text]<\/p>\n<h4 class=\"mg-top-0 mg-bottom-10 primary-font fs-30\" style=\"text-align: center;\"><span class=\"fw-normal\"><strong>Nasze<\/strong> Realizacj\u0119<\/span><\/h4>\n<h4 class=\"mg-top-0 mg-bottom-10 fs-15 fw-normal\" style=\"text-align: center;\">Budynki przemys\u0142owe i prywatne<\/h4>\n<p>[\/vc_column_text][gsf_gallery columns=&#8221;5&#8243; columns_md=&#8221;2&#8243; columns_sm=&#8221;2&#8243; columns_xs=&#8221;1&#8243; columns_mb=&#8221;1&#8243; images=&#8221;2172,2173,2174,2175,2176,2177,2178,2179,2181,2182&#8243;][gsf_space desktop=&#8221;50&#8243; tablet=&#8221;80&#8243; tablet_portrait=&#8221;70&#8243; mobile_landscape=&#8221;60&#8243; mobile=&#8221;60&#8243;][\/vc_column][vc_column width=&#8221;1\/6&#8243;][\/vc_column][\/vc_row][vc_row][vc_column][\/vc_column][vc_column][gsf_space desktop=&#8221;90&#8243; tablet=&#8221;80&#8243; tablet_portrait=&#8221;70&#8243; mobile_landscape=&#8221;60&#8243; mobile=&#8221;60&#8243;][\/vc_column][\/vc_row][vc_row el_id=&#8221;kontakt&#8221;][vc_column width=&#8221;5\/12&#8243; offset=&#8221;vc_col-md-3&#8243;][vc_column_text]<\/p>\n<h4 class=\"fs-22 mg-top-0 mg-bottom-10\">Dane Kontaktowe<\/h4>\n<p>[\/vc_column_text][vc_widget_sidebar sidebar_id=&#8221;infocontactus&#8221;][\/vc_column][vc_column width=&#8221;7\/12&#8243; offset=&#8221;vc_col-md-9&#8243;][vc_column_text]<\/p>\n<h4 class=\"fs-24 mg-top-0 mg-bottom-10 uppercase\">NAPISZ DO NAS!<\/h4>\n<p>[\/vc_column_text]<div role=\"form\" class=\"wpcf7\" id=\"wpcf7-f957-o1\" lang=\"en-US\" dir=\"ltr\">\n<div class=\"screen-reader-response\"><p role=\"status\" aria-live=\"polite\" aria-atomic=\"true\"><\/p> <ul><\/ul><\/div>\n<form action=\"\/pawel_onepage\/wp-json\/wp\/v2\/pages\/309#wpcf7-f957-o1\" method=\"post\" class=\"wpcf7-form init\" novalidate=\"novalidate\" data-status=\"init\">\n<div style=\"display: none;\">\n<input type=\"hidden\" name=\"_wpcf7\" value=\"957\" \/>\n<input type=\"hidden\" name=\"_wpcf7_version\" value=\"5.6\" \/>\n<input type=\"hidden\" name=\"_wpcf7_locale\" value=\"en_US\" \/>\n<input type=\"hidden\" name=\"_wpcf7_unit_tag\" value=\"wpcf7-f957-o1\" \/>\n<input type=\"hidden\" name=\"_wpcf7_container_post\" value=\"0\" \/>\n<input type=\"hidden\" name=\"_wpcf7_posted_data_hash\" value=\"\" \/>\n<\/div>\n<div class=\"g5plus-contact-form clearfix\">\n<div class= \"column-2\">\n<div class=\"ct-name ct-left\">\n<span class=\"wpcf7-form-control-wrap\" data-name=\"your-name\"><input type=\"text\" name=\"your-name\" value=\"\" size=\"40\" class=\"wpcf7-form-control wpcf7-text wpcf7-validates-as-required\" aria-required=\"true\" aria-invalid=\"false\" placeholder=\"Imi\u0119 i Nazwisko\" \/><\/span>\n<\/div>\n<div class=\"ct-email ct-right\">\n<span class=\"wpcf7-form-control-wrap\" data-name=\"your-email\"><input type=\"email\" name=\"your-email\" value=\"\" size=\"40\" class=\"wpcf7-form-control wpcf7-text wpcf7-email wpcf7-validates-as-required wpcf7-validates-as-email\" aria-required=\"true\" aria-invalid=\"false\" placeholder=\"Email\" \/><\/span>\n<\/div>\n<\/div>\n<div class=\"ct-subject\">\n<span class=\"wpcf7-form-control-wrap\" data-name=\"your-website\"><input type=\"text\" name=\"your-website\" value=\"\" size=\"40\" class=\"wpcf7-form-control wpcf7-text\" aria-invalid=\"false\" placeholder=\"Temat\" \/><\/span>\n<\/div>\n<div>\n<span class=\"wpcf7-form-control-wrap\" data-name=\"your-message\"><textarea name=\"your-message\" cols=\"40\" rows=\"10\" class=\"wpcf7-form-control wpcf7-textarea wpcf7-validates-as-required\" aria-required=\"true\" aria-invalid=\"false\" placeholder=\"Wiadomo\u015b\u0107\"><\/textarea><\/span>\n<\/div>\n<div class=\"btn-submit\">\n<input type=\"submit\" value=\"Wy\u015blij!\" class=\"wpcf7-form-control has-spinner wpcf7-submit btn btn-black\" \/><\/div>\n<\/div>\n<div class=\"wpcf7-response-output\" aria-hidden=\"true\"><\/div><\/form><\/div>[gsf_space desktop=&#8221;90&#8243; tablet=&#8221;80&#8243; tablet_portrait=&#8221;70&#8243; mobile_landscape=&#8221;60&#8243; mobile=&#8221;60&#8243;][\/vc_column][\/vc_row]<\/p>\n","protected":false},"excerpt":{"rendered":"<p>[vc_row][vc_column][rev_slider_vc alias=&#8221;slider-1&#8243; el_class=&#8221;mg-bottom-0&#8243;][\/vc_column][\/vc_row][vc_row bg_overlay_mode=&#8221;color&#8221; bg_overlay_color=&#8221;rgba(252,252,252,0.95)&#8221; css=&#8221;.vc_custom_1657102081918{background-image: url(http:\/\/pekrul.pl\/pawel_onepage\/wp-content\/uploads\/2022\/06\/solar-panels-2022-06-22-06-07-38-utc.jpg?id=2131) !important;background-position: center !important;background-repeat: no-repeat !important;background-size: cover !important;}&#8221; el_id=&#8221;onas&#8221;][vc_column][gsf_space desktop=&#8221;100&#8243; tablet=&#8221;80&#8243; tablet_portrait=&#8221;70&#8243; mobile_landscape=&#8221;60&#8243; mobile=&#8221;60&#8243;][\/vc_column][vc_column width=&#8221;1\/3&#8243; offset=&#8221;vc_col-md-offset-1&#8243;][vc_column_text] 5 lat do\u015bwiadczenia O nas [\/vc_column_text][\/vc_column][vc_column width=&#8221;7\/12&#8243; offset=&#8221;vc_col-md-6&#8243;][vc_column_text el_class=&#8221;&#8221; css=&#8221;.vc_custom_1657786074864{margin-bottom: 45px !important;}&#8221;]Zajmujemy si\u0119 myciem paneli fotowoltaicznych i elewacji wod\u0105 zdemineralizowan\u0105 i zdejonizowan\u0105 oraz \u015bwiadczymy us\u0142ugi podno\u015bnikiem koszowym. Maksymalna wysoko\u015b\u0107 podnoszenia wynosi 22 metry, [&hellip;]<\/p>\n","protected":false},"author":1,"featured_media":0,"parent":0,"menu_order":0,"comment_status":"closed","ping_status":"closed","template":"","meta":{"footnotes":""},"class_list":["post-309","page","type-page","status-publish","hentry"],"_links":{"self":[{"href":"https:\/\/pekrul.pl\/pawel_onepage\/wp-json\/wp\/v2\/pages\/309","targetHints":{"allow":["GET"]}}],"collection":[{"href":"https:\/\/pekrul.pl\/pawel_onepage\/wp-json\/wp\/v2\/pages"}],"about":[{"href":"https:\/\/pekrul.pl\/pawel_onepage\/wp-json\/wp\/v2\/types\/page"}],"author":[{"embeddable":true,"href":"https:\/\/pekrul.pl\/pawel_onepage\/wp-json\/wp\/v2\/users\/1"}],"replies":[{"embeddable":true,"href":"https:\/\/pekrul.pl\/pawel_onepage\/wp-json\/wp\/v2\/comments?post=309"}],"version-history":[{"count":19,"href":"https:\/\/pekrul.pl\/pawel_onepage\/wp-json\/wp\/v2\/pages\/309\/revisions"}],"predecessor-version":[{"id":2199,"href":"https:\/\/pekrul.pl\/pawel_onepage\/wp-json\/wp\/v2\/pages\/309\/revisions\/2199"}],"wp:attachment":[{"href":"https:\/\/pekrul.pl\/pawel_onepage\/wp-json\/wp\/v2\/media?parent=309"}],"curies":[{"name":"wp","href":"https:\/\/api.w.org\/{rel}","templated":true}]}}